{"id":1563,"date":"2024-09-07T13:14:16","date_gmt":"2024-09-07T17:14:16","guid":{"rendered":"https:\/\/www.tulmar.com\/?page_id=1563"},"modified":"2024-11-15T09:23:37","modified_gmt":"2024-11-15T14:23:37","slug":"nouvelles","status":"publish","type":"page","link":"https:\/\/www.tulmar.com\/fr\/media\/news\/","title":{"rendered":"Actualit\u00e9s"},"content":{"rendered":"\t\t<div data-elementor-type=\"wp-page\" data-elementor-id=\"1563\" class=\"elementor elementor-1563\" data-elementor-post-type=\"page\">\n\t\t\t\t<div class=\"elementor-element elementor-element-a18815e e-flex e-con-boxed e-con e-parent\" data-id=\"a18815e\" data-element_type=\"container\" data-e-type=\"container\" data-settings=\"{&quot;background_background&quot;:&quot;classic&quot;,&quot;jet_parallax_layout_list&quot;:[]}\">\n\t\t\t\t\t<div class=\"e-con-inner\">\n\t\t\t\t<div class=\"elementor-element elementor-element-f00b47d elementor-widget elementor-widget-heading\" data-id=\"f00b47d\" data-element_type=\"widget\" data-e-type=\"widget\" data-widget_type=\"heading.default\">\n\t\t\t\t<div class=\"elementor-widget-container\">\n\t\t\t\t\t<h1 class=\"elementor-heading-title elementor-size-default\">News<\/h1>\t\t\t\t<\/div>\n\t\t\t\t<\/div>\n\t\t\t\t<div class=\"elementor-element elementor-element-7a3738c elementor-widget elementor-widget-jet-breadcrumbs\" data-id=\"7a3738c\" data-element_type=\"widget\" data-e-type=\"widget\" data-widget_type=\"jet-breadcrumbs.default\">\n\t\t\t\t<div class=\"elementor-widget-container\">\n\t\t\t\t\t<div class=\"elementor-jet-breadcrumbs jet-blocks\">\n\t\t<div class=\"jet-breadcrumbs\">\n\t\t<div class=\"jet-breadcrumbs__content\">\n\t\t<div class=\"jet-breadcrumbs__wrap\"><div class=\"jet-breadcrumbs__item\"><a href=\"https:\/\/www.tulmar.com\/fr\/\" class=\"jet-breadcrumbs__item-link is-home\" rel=\"home\" title=\"Home\">Home<\/a><\/div>\n\t\t<\/div>\n\t\t<\/div>\n\t\t<\/div><\/div>\t\t\t\t<\/div>\n\t\t\t\t<\/div>\n\t\t\t\t\t<\/div>\n\t\t\t\t<\/div>\n\t\t<div class=\"elementor-element elementor-element-48830c5 e-flex e-con-boxed e-con e-parent\" data-id=\"48830c5\" data-element_type=\"container\" data-e-type=\"container\" data-settings=\"{&quot;jet_parallax_layout_list&quot;:[]}\">\n\t\t\t\t\t<div class=\"e-con-inner\">\n\t\t\t\t<div class=\"elementor-element elementor-element-af75463 elementor-widget elementor-widget-jet-listing-grid\" data-id=\"af75463\" data-element_type=\"widget\" data-e-type=\"widget\" data-settings=\"{&quot;columns&quot;:&quot;1&quot;}\" data-widget_type=\"jet-listing-grid.default\">\n\t\t\t\t<div class=\"elementor-widget-container\">\n\t\t\t\t\t<div class=\"jet-listing-grid jet-listing-grid--lazy-load jet-listing jet-listing-grid-loading\" data-lazy-load=\"{&quot;offset&quot;:&quot;0px&quot;,&quot;post_id&quot;:1563,&quot;queried_id&quot;:&quot;1563|WP_Post&quot;}\"><div class=\"jet-listing-grid__loader\"><div class=\"jet-listing-grid__loader-spinner\"><\/div><\/div><\/div>\t\t\t\t<\/div>\n\t\t\t\t<\/div>\n\t\t\t\t<div class=\"elementor-element elementor-element-b4f0f86 elementor-align-center elementor-widget elementor-widget-button\" data-id=\"b4f0f86\" data-element_type=\"widget\" data-e-type=\"widget\" id=\"loadmorenews_btn\" data-widget_type=\"button.default\">\n\t\t\t\t<div class=\"elementor-widget-container\">\n\t\t\t\t\t\t\t\t\t<div class=\"elementor-button-wrapper\">\n\t\t\t\t\t<a class=\"elementor-button elementor-button-link elementor-size-sm elementor-animation-grow\" href=\"#\">\n\t\t\t\t\t\t<span class=\"elementor-button-content-wrapper\">\n\t\t\t\t\t\t\t\t\t<span class=\"elementor-button-text\">LOAD MORE<\/span>\n\t\t\t\t\t<\/span>\n\t\t\t\t\t<\/a>\n\t\t\t\t<\/div>\n\t\t\t\t\t\t\t\t<\/div>\n\t\t\t\t<\/div>\n\t\t\t\t\t<\/div>\n\t\t\t\t<\/div>\n\t\t<div class=\"elementor-element elementor-element-3b44d79 e-flex e-con-boxed e-con e-parent\" data-id=\"3b44d79\" data-element_type=\"container\" data-e-type=\"container\" data-settings=\"{&quot;background_background&quot;:&quot;classic&quot;,&quot;jet_parallax_layout_list&quot;:[],&quot;background_motion_fx_motion_fx_scrolling&quot;:&quot;yes&quot;,&quot;background_motion_fx_translateY_effect&quot;:&quot;yes&quot;,&quot;background_motion_fx_translateY_speed&quot;:{&quot;unit&quot;:&quot;px&quot;,&quot;size&quot;:4,&quot;sizes&quot;:[]},&quot;background_motion_fx_translateY_affectedRange&quot;:{&quot;unit&quot;:&quot;%&quot;,&quot;size&quot;:&quot;&quot;,&quot;sizes&quot;:{&quot;start&quot;:0,&quot;end&quot;:100}},&quot;background_motion_fx_devices&quot;:[&quot;desktop&quot;,&quot;tablet&quot;,&quot;mobile&quot;]}\">\n\t\t\t\t\t<div class=\"e-con-inner\">\n\t\t\t\t<div class=\"elementor-element elementor-element-643d410 elementor-widget elementor-widget-heading\" data-id=\"643d410\" data-element_type=\"widget\" data-e-type=\"widget\" data-widget_type=\"heading.default\">\n\t\t\t\t<div class=\"elementor-widget-container\">\n\t\t\t\t\t<h2 class=\"elementor-heading-title elementor-size-default\">Careers at Tulmar<\/h2>\t\t\t\t<\/div>\n\t\t\t\t<\/div>\n\t\t\t\t<div class=\"elementor-element elementor-element-5fe8bdc elementor-widget elementor-widget-heading\" data-id=\"5fe8bdc\" data-element_type=\"widget\" data-e-type=\"widget\" data-widget_type=\"heading.default\">\n\t\t\t\t<div class=\"elementor-widget-container\">\n\t\t\t\t\t<p class=\"elementor-heading-title elementor-size-default\">We are always on the lookout for top talent. Join us as we embark on bold and challenging initiatives to deliver engineered for&nbsp;protection&nbsp;solutions! Be a part of a dynamic team committed to innovation, quality, and making a global impact.<\/p>\t\t\t\t<\/div>\n\t\t\t\t<\/div>\n\t\t\t\t<div class=\"elementor-element elementor-element-7648828 elementor-align-center elementor-widget elementor-widget-button\" data-id=\"7648828\" data-element_type=\"widget\" data-e-type=\"widget\" data-widget_type=\"button.default\">\n\t\t\t\t<div class=\"elementor-widget-container\">\n\t\t\t\t\t\t\t\t\t<div class=\"elementor-button-wrapper\">\n\t\t\t\t\t<a class=\"elementor-button elementor-button-link elementor-size-sm elementor-animation-grow\" href=\"https:\/\/www.tulmar.com\/fr\/careers\/\">\n\t\t\t\t\t\t<span class=\"elementor-button-content-wrapper\">\n\t\t\t\t\t\t\t\t\t<span class=\"elementor-button-text\">LEARN MORE<\/span>\n\t\t\t\t\t<\/span>\n\t\t\t\t\t<\/a>\n\t\t\t\t<\/div>\n\t\t\t\t\t\t\t\t<\/div>\n\t\t\t\t<\/div>\n\t\t\t\t\t<\/div>\n\t\t\t\t<\/div>\n\t\t\t\t<\/div>\n\t\t","protected":false},"excerpt":{"rendered":"<p>Accueil PLUS Carri\u00e8res chez Tulmar Nous sommes toujours \u00e0 la recherche des meilleurs talents pour nous rejoindre alors que nous nous lan\u00e7ons dans des initiatives audacieuses et stimulantes pour fournir des solutions techniques de protection. Faites partie d'une \u00e9quipe dynamique engag\u00e9e dans l'innovation, la qualit\u00e9 et l'impact global. EN SAVOIR PLUS<\/p>","protected":false},"author":1,"featured_media":0,"parent":2695,"menu_order":0,"comment_status":"closed","ping_status":"closed","template":"elementor_header_footer","meta":{"footnotes":""},"class_list":["post-1563","page","type-page","status-publish","hentry"],"yoast_head":"<!-- This site is optimized with the Yoast SEO Premium plugin v27.2 (Yoast SEO v27.2) - https:\/\/yoast.com\/product\/yoast-seo-premium-wordpress\/ -->\n<title>News - Tulmar<\/title>\n<meta name=\"robots\" content=\"index, follow, max-snippet:-1, max-image-preview:large, max-video-preview:-1\" \/>\n<link rel=\"canonical\" href=\"https:\/\/www.tulmar.com\/fr\/medias\/nouvelles\/\" \/>\n<meta property=\"og:locale\" content=\"fr_CA\" \/>\n<meta property=\"og:type\" content=\"article\" \/>\n<meta property=\"og:title\" content=\"News\" \/>\n<meta property=\"og:description\" content=\"Home LOAD MORE Careers at Tulmar We are always on the lookout for top talent. Join us as we embark on bold and challenging initiatives to deliver engineered for&nbsp;protection&nbsp;solutions! Be a part of a dynamic team committed to innovation, quality, and making a global impact. LEARN MORE\" \/>\n<meta property=\"og:url\" content=\"https:\/\/www.tulmar.com\/fr\/medias\/nouvelles\/\" \/>\n<meta property=\"og:site_name\" content=\"Tulmar\" \/>\n<meta property=\"article:modified_time\" content=\"2024-11-15T14:23:37+00:00\" \/>\n<meta name=\"twitter:card\" content=\"summary_large_image\" \/>\n<meta name=\"twitter:label1\" content=\"Estimation du temps de lecture\" \/>\n\t<meta name=\"twitter:data1\" content=\"3 minutes\" \/>\n<script type=\"application\/ld+json\" class=\"yoast-schema-graph\">{\"@context\":\"https:\/\/schema.org\",\"@graph\":[{\"@type\":\"WebPage\",\"@id\":\"https:\/\/www.tulmar.com\/media\/news\/\",\"url\":\"https:\/\/www.tulmar.com\/media\/news\/\",\"name\":\"News - Tulmar\",\"isPartOf\":{\"@id\":\"https:\/\/www.tulmar.com\/#website\"},\"datePublished\":\"2024-09-07T17:14:16+00:00\",\"dateModified\":\"2024-11-15T14:23:37+00:00\",\"breadcrumb\":{\"@id\":\"https:\/\/www.tulmar.com\/media\/news\/#breadcrumb\"},\"inLanguage\":\"fr-CA\",\"potentialAction\":[{\"@type\":\"ReadAction\",\"target\":[\"https:\/\/www.tulmar.com\/media\/news\/\"]}]},{\"@type\":\"BreadcrumbList\",\"@id\":\"https:\/\/www.tulmar.com\/media\/news\/#breadcrumb\",\"itemListElement\":[{\"@type\":\"ListItem\",\"position\":1,\"name\":\"Home\",\"item\":\"https:\/\/www.tulmar.com\/\"},{\"@type\":\"ListItem\",\"position\":2,\"name\":\"Media\",\"item\":\"https:\/\/www.tulmar.com\/media\/\"},{\"@type\":\"ListItem\",\"position\":3,\"name\":\"News\"}]},{\"@type\":\"WebSite\",\"@id\":\"https:\/\/www.tulmar.com\/#website\",\"url\":\"https:\/\/www.tulmar.com\/\",\"name\":\"Tulmar\",\"description\":\"Discover Tailored Solutions for Your Industry\",\"publisher\":{\"@id\":\"https:\/\/www.tulmar.com\/#organization\"},\"potentialAction\":[{\"@type\":\"SearchAction\",\"target\":{\"@type\":\"EntryPoint\",\"urlTemplate\":\"https:\/\/www.tulmar.com\/?s={search_term_string}\"},\"query-input\":{\"@type\":\"PropertyValueSpecification\",\"valueRequired\":true,\"valueName\":\"search_term_string\"}}],\"inLanguage\":\"fr-CA\"},{\"@type\":\"Organization\",\"@id\":\"https:\/\/www.tulmar.com\/#organization\",\"name\":\"Tulmar\",\"url\":\"https:\/\/www.tulmar.com\/\",\"logo\":{\"@type\":\"ImageObject\",\"inLanguage\":\"fr-CA\",\"@id\":\"https:\/\/www.tulmar.com\/#\/schema\/logo\/image\/\",\"url\":\"https:\/\/www.tulmar.com\/wp-content\/uploads\/2024\/08\/LogoLanding.svg\",\"contentUrl\":\"https:\/\/www.tulmar.com\/wp-content\/uploads\/2024\/08\/LogoLanding.svg\",\"width\":407,\"height\":143,\"caption\":\"Tulmar\"},\"image\":{\"@id\":\"https:\/\/www.tulmar.com\/#\/schema\/logo\/image\/\"}}]}<\/script>\n<!-- \/ Yoast SEO Premium plugin. -->","yoast_head_json":{"title":"Actualit\u00e9s - Tulmar","robots":{"index":"index","follow":"follow","max-snippet":"max-snippet:-1","max-image-preview":"max-image-preview:large","max-video-preview":"max-video-preview:-1"},"canonical":"https:\/\/www.tulmar.com\/fr\/medias\/nouvelles\/","og_locale":"fr_CA","og_type":"article","og_title":"News","og_description":"Home LOAD MORE Careers at Tulmar We are always on the lookout for top talent. Join us as we embark on bold and challenging initiatives to deliver engineered for&nbsp;protection&nbsp;solutions! Be a part of a dynamic team committed to innovation, quality, and making a global impact. LEARN MORE","og_url":"https:\/\/www.tulmar.com\/fr\/medias\/nouvelles\/","og_site_name":"Tulmar","article_modified_time":"2024-11-15T14:23:37+00:00","twitter_card":"summary_large_image","twitter_misc":{"Estimation du temps de lecture":"3 minutes"},"schema":{"@context":"https:\/\/schema.org","@graph":[{"@type":"WebPage","@id":"https:\/\/www.tulmar.com\/media\/news\/","url":"https:\/\/www.tulmar.com\/media\/news\/","name":"Actualit\u00e9s - Tulmar","isPartOf":{"@id":"https:\/\/www.tulmar.com\/#website"},"datePublished":"2024-09-07T17:14:16+00:00","dateModified":"2024-11-15T14:23:37+00:00","breadcrumb":{"@id":"https:\/\/www.tulmar.com\/media\/news\/#breadcrumb"},"inLanguage":"fr-CA","potentialAction":[{"@type":"ReadAction","target":["https:\/\/www.tulmar.com\/media\/news\/"]}]},{"@type":"BreadcrumbList","@id":"https:\/\/www.tulmar.com\/media\/news\/#breadcrumb","itemListElement":[{"@type":"ListItem","position":1,"name":"Home","item":"https:\/\/www.tulmar.com\/"},{"@type":"ListItem","position":2,"name":"Media","item":"https:\/\/www.tulmar.com\/media\/"},{"@type":"ListItem","position":3,"name":"News"}]},{"@type":"WebSite","@id":"https:\/\/www.tulmar.com\/#website","url":"https:\/\/www.tulmar.com\/","name":"Tulmar","description":"D\u00e9couvrez des solutions sur mesure pour votre secteur d'activit\u00e9","publisher":{"@id":"https:\/\/www.tulmar.com\/#organization"},"potentialAction":[{"@type":"SearchAction","target":{"@type":"EntryPoint","urlTemplate":"https:\/\/www.tulmar.com\/?s={search_term_string}"},"query-input":{"@type":"PropertyValueSpecification","valueRequired":true,"valueName":"search_term_string"}}],"inLanguage":"fr-CA"},{"@type":"Organization","@id":"https:\/\/www.tulmar.com\/#organization","name":"Tulmar","url":"https:\/\/www.tulmar.com\/","logo":{"@type":"ImageObject","inLanguage":"fr-CA","@id":"https:\/\/www.tulmar.com\/#\/schema\/logo\/image\/","url":"https:\/\/www.tulmar.com\/wp-content\/uploads\/2024\/08\/LogoLanding.svg","contentUrl":"https:\/\/www.tulmar.com\/wp-content\/uploads\/2024\/08\/LogoLanding.svg","width":407,"height":143,"caption":"Tulmar"},"image":{"@id":"https:\/\/www.tulmar.com\/#\/schema\/logo\/image\/"}}]}},"_links":{"self":[{"href":"https:\/\/www.tulmar.com\/fr\/wp-json\/wp\/v2\/pages\/1563","targetHints":{"allow":["GET"]}}],"collection":[{"href":"https:\/\/www.tulmar.com\/fr\/wp-json\/wp\/v2\/pages"}],"about":[{"href":"https:\/\/www.tulmar.com\/fr\/wp-json\/wp\/v2\/types\/page"}],"author":[{"embeddable":true,"href":"https:\/\/www.tulmar.com\/fr\/wp-json\/wp\/v2\/users\/1"}],"replies":[{"embeddable":true,"href":"https:\/\/www.tulmar.com\/fr\/wp-json\/wp\/v2\/comments?post=1563"}],"version-history":[{"count":0,"href":"https:\/\/www.tulmar.com\/fr\/wp-json\/wp\/v2\/pages\/1563\/revisions"}],"up":[{"embeddable":true,"href":"https:\/\/www.tulmar.com\/fr\/wp-json\/wp\/v2\/pages\/2695"}],"wp:attachment":[{"href":"https:\/\/www.tulmar.com\/fr\/wp-json\/wp\/v2\/media?parent=1563"}],"curies":[{"name":"wp","href":"https:\/\/api.w.org\/{rel}","templated":true}]}}