{"id":490,"date":"2024-08-22T02:06:52","date_gmt":"2024-08-22T02:06:52","guid":{"rendered":"https:\/\/www.tulmar.com\/?page_id=490"},"modified":"2024-11-15T12:40:21","modified_gmt":"2024-11-15T17:40:21","slug":"politique-conditions-dutilisation","status":"publish","type":"page","link":"https:\/\/www.tulmar.com\/fr\/policy-terms-of-use\/","title":{"rendered":"Conditions d'utilisation"},"content":{"rendered":"<div data-elementor-type=\"wp-page\" data-elementor-id=\"490\" class=\"elementor elementor-490\" data-elementor-post-type=\"page\">\n\t\t\t\t<div class=\"elementor-element elementor-element-76a72f5 e-flex e-con-boxed e-con e-parent\" data-id=\"76a72f5\" data-element_type=\"container\" data-e-type=\"container\" data-settings=\"{&quot;background_background&quot;:&quot;classic&quot;,&quot;jet_parallax_layout_list&quot;:[]}\">\n\t\t\t\t\t<div class=\"e-con-inner\">\n\t\t\t\t<div class=\"elementor-element elementor-element-1319566 elementor-widget elementor-widget-heading\" data-id=\"1319566\" data-element_type=\"widget\" data-e-type=\"widget\" data-widget_type=\"heading.default\">\n\t\t\t\t<div class=\"elementor-widget-container\">\n\t\t\t\t\t<h1 class=\"elementor-heading-title elementor-size-default\">Conditions d'utilisation<\/h1>\t\t\t\t<\/div>\n\t\t\t\t<\/div>\n\t\t\t\t<div class=\"elementor-element elementor-element-6fc5401 elementor-widget elementor-widget-jet-breadcrumbs\" data-id=\"6fc5401\" data-element_type=\"widget\" data-e-type=\"widget\" data-widget_type=\"jet-breadcrumbs.default\">\n\t\t\t\t<div class=\"elementor-widget-container\">\n\t\t\t\t\t<div class=\"elementor-jet-breadcrumbs jet-blocks\">\n\t\t<div class=\"jet-breadcrumbs\">\n\t\t<div class=\"jet-breadcrumbs__content\">\n\t\t<div class=\"jet-breadcrumbs__wrap\"><div class=\"jet-breadcrumbs__item\"><a href=\"https:\/\/www.tulmar.com\/fr\/\" class=\"jet-breadcrumbs__item-link is-home\" rel=\"home\" title=\"Accueil\">Accueil<\/a><\/div>\n\t\t<\/div>\n\t\t<\/div>\n\t\t<\/div><\/div>\t\t\t\t<\/div>\n\t\t\t\t<\/div>\n\t\t\t\t\t<\/div>\n\t\t\t\t<\/div>\n\t\t<div class=\"elementor-element elementor-element-a4e35e9 articles_content e-flex e-con-boxed e-con e-parent\" data-id=\"a4e35e9\" data-element_type=\"container\" data-e-type=\"container\" data-settings=\"{&quot;jet_parallax_layout_list&quot;:[]}\">\n\t\t\t\t\t<div class=\"e-con-inner\">\n\t\t\t\t<div class=\"elementor-element elementor-element-cdd0589 elementor-widget elementor-widget-text-editor\" data-id=\"cdd0589\" data-element_type=\"widget\" data-e-type=\"widget\" data-widget_type=\"text-editor.default\">\n\t\t\t\t<div class=\"elementor-widget-container\">\n\t\t\t\t\t\t\t\t\t<p>Tulmar Safety Systems Inc. et Tulmar Technical Services Inc. (\"Tulmar\") vous offre ses services sous r\u00e9serve des conditions d'utilisation suivantes, qui peuvent \u00eatre modifi\u00e9es et\/ou mises \u00e0 jour \u00e0 tout moment sans pr\u00e9avis. Votre utilisation du site web sera soumise \u00e0 la version la plus r\u00e9cente affich\u00e9e sur le site au moment de l'utilisation. Outre les pr\u00e9sentes conditions d'utilisation, vous \u00eates implicitement li\u00e9 et soumis \u00e0 toutes les autres directives, lois, r\u00e8gles et r\u00e9glementations mentionn\u00e9es sur ce site web, le cas \u00e9ch\u00e9ant, et en vigueur dans la r\u00e9gion o\u00f9 vous visitez et\/ou utilisez ce site web.<\/p>\t\t\t\t\t\t\t\t<\/div>\n\t\t\t\t<\/div>\n\t\t\t\t<div class=\"elementor-element elementor-element-a1a7f62 elementor-widget elementor-widget-heading\" data-id=\"a1a7f62\" data-element_type=\"widget\" data-e-type=\"widget\" data-widget_type=\"heading.default\">\n\t\t\t\t<div class=\"elementor-widget-container\">\n\t\t\t\t\t<h2 class=\"elementor-heading-title elementor-size-default\">Propri\u00e9t\u00e9 et restriction d'utilisation<\/h2>\t\t\t\t<\/div>\n\t\t\t\t<\/div>\n\t\t\t\t<div class=\"elementor-element elementor-element-3fdb4e8 elementor-widget elementor-widget-text-editor\" data-id=\"3fdb4e8\" data-element_type=\"widget\" data-e-type=\"widget\" data-widget_type=\"text-editor.default\">\n\t\t\t\t<div class=\"elementor-widget-container\">\n\t\t\t\t\t\t\t\t\tL'utilisation de ce site Internet vous est accessible en tant que facilit\u00e9 de communication avec Tulmar, ses employ\u00e9s et ses administrateurs. Le contenu de ce site Internet vous est offert comme un outil d'information et de communication pour faciliter vos op\u00e9rations avec vos clients en ce qui concerne et en conjonction avec Tulmar. Vous pouvez utiliser ces informations UNIQUEMENT pour votre usage personnel et\/ou professionnel. Toute autre utilisation de ces informations (en tout ou en partie, sous quelque forme et par quelque moyen que ce soit) est strictement interdite sans l'autorisation \u00e9crite d'un repr\u00e9sentant habilit\u00e9 de Tulmar.\n\t\t\t\t\t\t\t\t<\/div>\n\t\t\t\t<\/div>\n\t\t\t\t<div class=\"elementor-element elementor-element-ace5ec1 elementor-widget elementor-widget-heading\" data-id=\"ace5ec1\" data-element_type=\"widget\" data-e-type=\"widget\" data-widget_type=\"heading.default\">\n\t\t\t\t<div class=\"elementor-widget-container\">\n\t\t\t\t\t<h2 class=\"elementor-heading-title elementor-size-default\">Clause de non-responsabilit\u00e9<\/h2>\t\t\t\t<\/div>\n\t\t\t\t<\/div>\n\t\t\t\t<div class=\"elementor-element elementor-element-3ac99ad elementor-widget elementor-widget-text-editor\" data-id=\"3ac99ad\" data-element_type=\"widget\" data-e-type=\"widget\" data-widget_type=\"text-editor.default\">\n\t\t\t\t<div class=\"elementor-widget-container\">\n\t\t\t\t\t\t\t\t\t<p><span style=\"font-weight: 400;\">Ce site web est destin\u00e9 \u00e0 offrir \u00e0 l'internaute, au visiteur et au client les informations les plus compl\u00e8tes possibles en ce qui concerne notre profil d'entreprise et les produits et services offerts, ainsi que toute autre page\/section de ce site web. Malgr\u00e9 nos efforts pour fournir des informations exactes, ce site peut contenir des erreurs techniques ou autres, des impr\u00e9cisions ou des erreurs typographiques. Pour des raisons de commodit\u00e9, notre site peut contenir des liens vers d'autres sites susceptibles de vous int\u00e9resser mais qui ne sont pas sous le contr\u00f4le de Tulmar. Ces liens n'impliquent pas l'approbation de Tulmar et nous ne sommes pas responsables de la disponibilit\u00e9 ou du contenu de tout site li\u00e9.<\/span><\/p><p><b>Limites de responsabilit\u00e9<\/b><\/p><p><span style=\"font-weight: 400;\">En visitant \/ utilisant ce Site Internet, vous comprenez et acceptez express\u00e9ment que : (1) votre utilisation de tout service promu \u00e0 travers ce Site Internet est \u00e0 votre seul risque ; (2) les services susmentionn\u00e9s sont fournis \"tels quels\" et \"tels que disponibles\" ; (3) Tulmar d\u00e9cline express\u00e9ment toute garantie quelle qu'elle soit et de quelque nature que ce soit, qu'elle soit exprim\u00e9e ou implicite, y compris, mais sans s'y limiter, les garanties implicites de qualit\u00e9 marchande, d'ad\u00e9quation \u00e0 un usage particulier et d'absence de contrefa\u00e7on ; (4) Tulmar ne garantit en aucune mani\u00e8re que ce site Internet r\u00e9ponde \u00e0 vos besoins et\/ou qu'il y ait une interruption de service et des probl\u00e8mes d'erreur et\/ou un manque d'information ; (5) tout mat\u00e9riel (virtuel ou physique) fourni directement ou indirectement par le biais de ce Site Internet est fourni \"tel quel\" et \"tel que disponible\" et ne comporte aucune garantie quelle qu'elle soit ; (6) Tulmar ne peut \u00eatre tenu responsable des erreurs et\/ou des pertes de courrier (\u00e9lectronique ou autre), ni des probl\u00e8mes externes tels que les retards ou les fermetures de serveurs, ou tout autre facteur \u00e9chappant \u00e0 son contr\u00f4le ; (7) vous comprenez et acceptez express\u00e9ment que Tulmar ne peut \u00eatre tenu responsable de quelque mani\u00e8re que ce soit pour tout dommage direct, indirect, accidentel, sp\u00e9cial, cons\u00e9cutif et exemplaire, y compris, mais sans s'y limiter, les dommages pour perte de profits, de client\u00e8le, d'utilisation, de donn\u00e9es ou les pertes intangibles de toute nature, r\u00e9sultant de l'utilisation ou de la mauvaise utilisation de ce Site Internet.<\/span><\/p><p><span style=\"font-weight: 400;\">Certains des termes, conditions, garanties, limitations et exclusions susmentionn\u00e9s peuvent ne pas \u00eatre l\u00e9gaux et\/ou applicables dans votre juridiction. Vous pouvez vous r\u00e9f\u00e9rer aux lois, r\u00e8gles et r\u00e9glementations en vigueur dans votre r\u00e9gion pour plus de d\u00e9tails \u00e0 ce sujet.<\/span><\/p>\t\t\t\t\t\t\t\t<\/div>\n\t\t\t\t<\/div>\n\t\t\t\t\t<\/div>\n\t\t\t\t<\/div>\n\t\t\t\t<\/div>","protected":false},"excerpt":{"rendered":"<p>Home Tulmar Safety Systems Inc. and Tulmar Technical Services Inc. (\u201cTulmar\u201d) offers its services to you subject to the following Terms of Use, which may be changed and\/or updated at any time without prior notice. Your use of the website will be subject to the most current version posted on the site at the time [&hellip;]<\/p>\n","protected":false},"author":1,"featured_media":0,"parent":0,"menu_order":0,"comment_status":"closed","ping_status":"closed","template":"","meta":{"footnotes":""},"class_list":["post-490","page","type-page","status-publish","hentry"],"yoast_head":"<!-- This site is optimized with the Yoast SEO Premium plugin v27.4 (Yoast SEO v27.4) - https:\/\/yoast.com\/product\/yoast-seo-premium-wordpress\/ -->\n<title>Terms of use - Tulmar<\/title>\n<meta name=\"robots\" content=\"index, follow, max-snippet:-1, max-image-preview:large, max-video-preview:-1\" \/>\n<link rel=\"canonical\" href=\"https:\/\/www.tulmar.com\/fr\/politique-conditions-dutilisation\/\" \/>\n<meta property=\"og:locale\" content=\"fr_CA\" \/>\n<meta property=\"og:type\" content=\"article\" \/>\n<meta property=\"og:title\" content=\"Terms of use\" \/>\n<meta property=\"og:description\" content=\"Home Tulmar Safety Systems Inc. and Tulmar Technical Services Inc. (\u201cTulmar\u201d) offers its services to you subject to the following Terms of Use, which may be changed and\/or updated at any time without prior notice. Your use of the website will be subject to the most current version posted on the site at the time [&hellip;]\" \/>\n<meta property=\"og:url\" content=\"https:\/\/www.tulmar.com\/fr\/politique-conditions-dutilisation\/\" \/>\n<meta property=\"og:site_name\" content=\"Tulmar\" \/>\n<meta property=\"article:modified_time\" content=\"2024-11-15T17:40:21+00:00\" \/>\n<meta name=\"twitter:card\" content=\"summary_large_image\" \/>\n<meta name=\"twitter:label1\" content=\"Estimation du temps de lecture\" \/>\n\t<meta name=\"twitter:data1\" content=\"3 minutes\" \/>\n<script type=\"application\/ld+json\" class=\"yoast-schema-graph\">{\"@context\":\"https:\\\/\\\/schema.org\",\"@graph\":[{\"@type\":\"WebPage\",\"@id\":\"https:\\\/\\\/www.tulmar.com\\\/policy-terms-of-use\\\/\",\"url\":\"https:\\\/\\\/www.tulmar.com\\\/policy-terms-of-use\\\/\",\"name\":\"Terms of use - Tulmar\",\"isPartOf\":{\"@id\":\"https:\\\/\\\/www.tulmar.com\\\/#website\"},\"datePublished\":\"2024-08-22T02:06:52+00:00\",\"dateModified\":\"2024-11-15T17:40:21+00:00\",\"breadcrumb\":{\"@id\":\"https:\\\/\\\/www.tulmar.com\\\/policy-terms-of-use\\\/#breadcrumb\"},\"inLanguage\":\"fr-CA\",\"potentialAction\":[{\"@type\":\"ReadAction\",\"target\":[\"https:\\\/\\\/www.tulmar.com\\\/policy-terms-of-use\\\/\"]}]},{\"@type\":\"BreadcrumbList\",\"@id\":\"https:\\\/\\\/www.tulmar.com\\\/policy-terms-of-use\\\/#breadcrumb\",\"itemListElement\":[{\"@type\":\"ListItem\",\"position\":1,\"name\":\"Home\",\"item\":\"https:\\\/\\\/www.tulmar.com\\\/\"},{\"@type\":\"ListItem\",\"position\":2,\"name\":\"Terms of use\"}]},{\"@type\":\"WebSite\",\"@id\":\"https:\\\/\\\/www.tulmar.com\\\/#website\",\"url\":\"https:\\\/\\\/www.tulmar.com\\\/\",\"name\":\"Tulmar\",\"description\":\"Discover Tailored Solutions for Your Industry\",\"publisher\":{\"@id\":\"https:\\\/\\\/www.tulmar.com\\\/#organization\"},\"potentialAction\":[{\"@type\":\"SearchAction\",\"target\":{\"@type\":\"EntryPoint\",\"urlTemplate\":\"https:\\\/\\\/www.tulmar.com\\\/?s={search_term_string}\"},\"query-input\":{\"@type\":\"PropertyValueSpecification\",\"valueRequired\":true,\"valueName\":\"search_term_string\"}}],\"inLanguage\":\"fr-CA\"},{\"@type\":\"Organization\",\"@id\":\"https:\\\/\\\/www.tulmar.com\\\/#organization\",\"name\":\"Tulmar\",\"url\":\"https:\\\/\\\/www.tulmar.com\\\/\",\"logo\":{\"@type\":\"ImageObject\",\"inLanguage\":\"fr-CA\",\"@id\":\"https:\\\/\\\/www.tulmar.com\\\/#\\\/schema\\\/logo\\\/image\\\/\",\"url\":\"https:\\\/\\\/www.tulmar.com\\\/wp-content\\\/uploads\\\/2024\\\/08\\\/LogoLanding.svg\",\"contentUrl\":\"https:\\\/\\\/www.tulmar.com\\\/wp-content\\\/uploads\\\/2024\\\/08\\\/LogoLanding.svg\",\"width\":407,\"height\":143,\"caption\":\"Tulmar\"},\"image\":{\"@id\":\"https:\\\/\\\/www.tulmar.com\\\/#\\\/schema\\\/logo\\\/image\\\/\"}}]}<\/script>\n<!-- \/ Yoast SEO Premium plugin. -->","yoast_head_json":{"title":"Conditions d'utilisation - Tulmar","robots":{"index":"index","follow":"follow","max-snippet":"max-snippet:-1","max-image-preview":"max-image-preview:large","max-video-preview":"max-video-preview:-1"},"canonical":"https:\/\/www.tulmar.com\/fr\/politique-conditions-dutilisation\/","og_locale":"fr_CA","og_type":"article","og_title":"Terms of use","og_description":"Home Tulmar Safety Systems Inc. and Tulmar Technical Services Inc. (\u201cTulmar\u201d) offers its services to you subject to the following Terms of Use, which may be changed and\/or updated at any time without prior notice. Your use of the website will be subject to the most current version posted on the site at the time [&hellip;]","og_url":"https:\/\/www.tulmar.com\/fr\/politique-conditions-dutilisation\/","og_site_name":"Tulmar","article_modified_time":"2024-11-15T17:40:21+00:00","twitter_card":"summary_large_image","twitter_misc":{"Estimation du temps de lecture":"3 minutes"},"schema":{"@context":"https:\/\/schema.org","@graph":[{"@type":"WebPage","@id":"https:\/\/www.tulmar.com\/policy-terms-of-use\/","url":"https:\/\/www.tulmar.com\/policy-terms-of-use\/","name":"Conditions d'utilisation - Tulmar","isPartOf":{"@id":"https:\/\/www.tulmar.com\/#website"},"datePublished":"2024-08-22T02:06:52+00:00","dateModified":"2024-11-15T17:40:21+00:00","breadcrumb":{"@id":"https:\/\/www.tulmar.com\/policy-terms-of-use\/#breadcrumb"},"inLanguage":"fr-CA","potentialAction":[{"@type":"ReadAction","target":["https:\/\/www.tulmar.com\/policy-terms-of-use\/"]}]},{"@type":"BreadcrumbList","@id":"https:\/\/www.tulmar.com\/policy-terms-of-use\/#breadcrumb","itemListElement":[{"@type":"ListItem","position":1,"name":"Home","item":"https:\/\/www.tulmar.com\/"},{"@type":"ListItem","position":2,"name":"Terms of use"}]},{"@type":"WebSite","@id":"https:\/\/www.tulmar.com\/#website","url":"https:\/\/www.tulmar.com\/","name":"Tulmar","description":"D\u00e9couvrez des solutions sur mesure pour votre secteur d'activit\u00e9","publisher":{"@id":"https:\/\/www.tulmar.com\/#organization"},"potentialAction":[{"@type":"SearchAction","target":{"@type":"EntryPoint","urlTemplate":"https:\/\/www.tulmar.com\/?s={search_term_string}"},"query-input":{"@type":"PropertyValueSpecification","valueRequired":true,"valueName":"search_term_string"}}],"inLanguage":"fr-CA"},{"@type":"Organization","@id":"https:\/\/www.tulmar.com\/#organization","name":"Tulmar","url":"https:\/\/www.tulmar.com\/","logo":{"@type":"ImageObject","inLanguage":"fr-CA","@id":"https:\/\/www.tulmar.com\/#\/schema\/logo\/image\/","url":"https:\/\/www.tulmar.com\/wp-content\/uploads\/2024\/08\/LogoLanding.svg","contentUrl":"https:\/\/www.tulmar.com\/wp-content\/uploads\/2024\/08\/LogoLanding.svg","width":407,"height":143,"caption":"Tulmar"},"image":{"@id":"https:\/\/www.tulmar.com\/#\/schema\/logo\/image\/"}}]}},"_links":{"self":[{"href":"https:\/\/www.tulmar.com\/fr\/wp-json\/wp\/v2\/pages\/490","targetHints":{"allow":["GET"]}}],"collection":[{"href":"https:\/\/www.tulmar.com\/fr\/wp-json\/wp\/v2\/pages"}],"about":[{"href":"https:\/\/www.tulmar.com\/fr\/wp-json\/wp\/v2\/types\/page"}],"author":[{"embeddable":true,"href":"https:\/\/www.tulmar.com\/fr\/wp-json\/wp\/v2\/users\/1"}],"replies":[{"embeddable":true,"href":"https:\/\/www.tulmar.com\/fr\/wp-json\/wp\/v2\/comments?post=490"}],"version-history":[{"count":0,"href":"https:\/\/www.tulmar.com\/fr\/wp-json\/wp\/v2\/pages\/490\/revisions"}],"wp:attachment":[{"href":"https:\/\/www.tulmar.com\/fr\/wp-json\/wp\/v2\/media?parent=490"}],"curies":[{"name":"wp","href":"https:\/\/api.w.org\/{rel}","templated":true}]}}